{"id":562,"date":"2022-02-16T14:30:35","date_gmt":"2022-02-16T13:30:35","guid":{"rendered":"https:\/\/kamicgroup.com\/?page_id=562"},"modified":"2024-09-19T17:38:42","modified_gmt":"2024-09-19T15:38:42","slug":"vara-affarsomraden","status":"publish","type":"page","link":"https:\/\/kamicgroup.com\/index.php\/vara-affarsomraden\/","title":{"rendered":"V\u00e5ra aff\u00e4rsomr\u00e5den"},"content":{"rendered":"","protected":false},"excerpt":{"rendered":"","protected":false},"author":1,"featured_media":874,"parent":0,"menu_order":0,"comment_status":"closed","ping_status":"closed","template":"","meta":{"_acf_changed":false,"footnotes":""},"class_list":["post-562","page","type-page","status-publish","has-post-thumbnail"],"acf":[],"_links":{"self":[{"href":"https:\/\/kamicgroup.com\/index.php\/wp-json\/wp\/v2\/pages\/562","targetHints":{"allow":["GET"]}}],"collection":[{"href":"https:\/\/kamicgroup.com\/index.php\/wp-json\/wp\/v2\/pages"}],"about":[{"href":"https:\/\/kamicgroup.com\/index.php\/wp-json\/wp\/v2\/types\/page"}],"author":[{"embeddable":true,"href":"https:\/\/kamicgroup.com\/index.php\/wp-json\/wp\/v2\/users\/1"}],"replies":[{"embeddable":true,"href":"https:\/\/kamicgroup.com\/index.php\/wp-json\/wp\/v2\/comments?post=562"}],"version-history":[{"count":11,"href":"https:\/\/kamicgroup.com\/index.php\/wp-json\/wp\/v2\/pages\/562\/revisions"}],"predecessor-version":[{"id":2254,"href":"https:\/\/kamicgroup.com\/index.php\/wp-json\/wp\/v2\/pages\/562\/revisions\/2254"}],"wp:featuredmedia":[{"embeddable":true,"href":"https:\/\/kamicgroup.com\/index.php\/wp-json\/wp\/v2\/media\/874"}],"wp:attachment":[{"href":"https:\/\/kamicgroup.com\/index.php\/wp-json\/wp\/v2\/media?parent=562"}],"curies":[{"name":"wp","href":"https:\/\/api.w.org\/{rel}","templated":true}]}}